{"id":17,"date":"2020-03-20T15:16:16","date_gmt":"2020-03-20T15:16:16","guid":{"rendered":"https:\/\/www.preservativofemminile.it\/?page_id=17"},"modified":"2020-03-20T15:16:16","modified_gmt":"2020-03-20T15:16:16","slug":"faq","status":"publish","type":"page","link":"https:\/\/www.preservativofemminile.it\/?page_id=17","title":{"rendered":"Faq"},"content":{"rendered":"\n<h4 class=\"wp-block-heading\">Domande, problemi e argomenti sul preservatvo femminile<\/h4>\n\n\n\n<p><strong>\u00c8 difficile da usare?<\/strong><br>Il preservativo femminile non \u00e8 difficile da usare, ma potrebbe esserci bisogno di pratica per utilizzarlo. Consigli positivi e di sostegno per coloro che lo utilizzano da poco o per la prima volta sono molto utili per incoraggiare le donne a non abbandonare il preservativo femminile prima di averlo utilizzato parecchie volte. Delle ricerche hanno sottolineato che c&#8217;\u00e8 bisogno di utilizzarlo almeno tre volte prima che chi lo usa abbia confidenza nei suoi confronti. Il preservativo femminile richiede pratica e pazienza. Le donne dovrebbero fare pratica, mettendolo e togliendolo, prima di usarlo per la prima volta durante un rapporto sessuale. Dovrebbero cercare di inserirlo pi\u00f9 volte ed ogni volta con il corpo in una posizione diversa (ad esempio sdraiate, accucciate, sedute) per trovare la pi\u00f9 adatta. Sicuramente l&#8217;applicazione diventa pi\u00f9 facile con il tempo ma c&#8217;\u00e8 bisogno di molti tentativi prima che l&#8217;introduzione del preservativo diventi qualcosa di familiare per la donna, che dovrebbe essere spinta a provarlo almeno tre volte prima di decidere se continuare ad usarlo o meno.<\/p>\n\n\n\n<p><strong>Cosa succede se il pene non entra nel modo giusto?<\/strong><br>E&#8217; importante che il pene sia guidato verso il centro del preservativo femminile e non tra la parete della vagina e la parte esterna del preservativo. Se il pene entra in modo sbagliato, l&#8217;uomo deve ritirare il suo pene e la coppia dovrebbe ricominciare usando lo stesso preservativo con un&#8217;ulteriore lubrificazione, se necessario.<\/p>\n\n\n\n<p><strong>Che tipo di lubrificante deve essere usato con il preservativo femminile?<\/strong><br>Il preservativo femminile \u00e8 lubrificato precedentemente con un lubrificante a base di silicone e senza effetto spermicida. Questa lubrificazione \u00e8 necessaria per aiutare l&#8217;applicazione e per rendere possibili movimenti facili durante il rapporto. Il lubrificante pu\u00f2 rendere il preservativo un po&#8217; viscido all&#8217;inizio. Il preservativo femminile pu\u00f2 essere utilizzato sia con il lubrificanti a base oleosa che con quelli a base acquosa, mentre i preservativi maschili in lattice possono essere usati solo con i lubrificanti a base acquosa.<\/p>\n\n\n\n<p><strong>Il preservativo femminile pu\u00f2 essere usato pi\u00f9 di una volta?<\/strong><br>Al momento, il preservativo femminile \u00e8 concepito per un solo uso. Comunque, dei ricercatori stanno analizzando la sicurezza di un suo riutilizzo. La ricerca sta esaminando le caratteristiche del preservativo durante il riutilizzo e dopo ripetuti processi di lavaggio, asciugatura e lubrificazione in termini di integrit\u00e0 e sicurezza.<\/p>\n\n\n\n<p><strong>L&#8217;anello interno \u00e8 scomodo per me o il mio partner?<\/strong><br>Alcune donne ritengono che l&#8217;anello interno sia scomodo. Se lo \u00e8, si pu\u00f2 provare a posizionare il preservativo in modo diverso (cio\u00e8 applicandolo nuovamente), in modo che l&#8217;anello interno sia piegato dietro la cervice e non dia fastidio. Dall&#8217;altra parte, alcune persone, ritengono che l&#8217;anello interno aumenta il piacere sessuale sia dell&#8217;uomo che della donna.<\/p>\n\n\n\n<p><strong>Il preservativo femminile \u00e8 grande?<\/strong><br>Ci potrebbe essere una negativa reazione iniziale a causa delle sue dimensioni, ma questa sensazione diminuisce con l&#8217;uso. Per evitare questa errata percezione delle dimensioni, \u00e8 utile confrontare il preservativo femminile con quello maschile srotolato, per vedere che quello femminile ha la stessa lunghezza di quello maschile ma \u00e8 pi\u00f9 largo. E&#8217; anche importante notare che il preservativo femminile fornisce una maggiore protezione perch\u00e9 la base del pene e i genitali femminili esterni sono parzialmente ricoperti durante l&#8217;uso.<\/p>\n\n\n\n<p><strong>Come posso disfarmi del preservativo femminile?<\/strong><br>Il preservativo femminile non deve essere tolto immediatamente dopo l&#8217;eiaculazione dell&#8217;uomo, come quello maschile. Comunque dovrebbe essere tolto prima che la donna si alzi per evitare che lo sperma si versi. L&#8217;anello esterno dovrebbe essere attorcigliato per sigillare il preservativo, in modo che lo sperma non esca fuori, e poi utilizzato per estrarre il preservativo dalla vagina. E&#8217; importante sottolineare che ci si deve disfare del preservativo femminile attraverso contenitori di rifiuti e non, per esempio, nella toilette. Quindi, come in molti paesi le donne si disfanno degli assorbenti igienici in modo privato e pulito, le stesse procedure possono essere promosse per l&#8217;eliminazione dei preservativi.<\/p>\n\n\n\n<p><strong>Posso usare il preservativo in diverse posizioni sessuali?<\/strong><br>Il preservativo femminile pu\u00f2 essere usato in qualsiasi posizione sessuale; comunque, potrebbe esserci bisogno di ulteriore lubrificante.<\/p>\n\n\n\n<p><strong>Possiamo usare un preservativo femminile e, allo stesso tempo, uno maschile?<\/strong><br>Non si dovrebbero usare entrambi i preservativi contemporaneamente. Ci\u00f2 pu\u00f2 provocare attrito a causa di una inadeguata lubrificazione in entrambi i preservativi, oppure l&#8217;anello esterno del preservativo femminile pu\u00f2 essere spinto dentro la vagina.<\/p>\n\n\n\n<p><strong>Per quanto tempo dura il preservativo femminile?<\/strong><br>Per la US Food and Drug Administration il ciclo di vita di un preservativo femminile \u00e8 di cinque anni dalla data di produzione. Differenze di temperatura o di umidit\u00e0 non danneggiano il preservativo, per cui non sono richieste particolari condizioni di magazzinaggio.<\/p>\n\n\n\n<p><strong>Come pu\u00f2 essere ridotto il rischio di gravidanze indesiderate?<\/strong><br>Il preservativo femminile \u00e8 consigliato sia come contraccettivo che come metodo per prevenire la trasmissione delle MTS e dell&#8217; HIV. Per questo motivo \u00e8 comprensibile che le donne lo considerino un contraccettivo alternativo. Se una donna smette di usare il suo precedente metodo contraccettivo quando prova per la prima volta il preservativo, c&#8217;\u00e8 il rischio che potrebbe non esserle garantita la prevenzione nei confronti della gravidanza., a causa di un errato uso del preservativo.Una soluzione potrebbe essere quella di un periodo in cui promuovere la sovrapposizione di metodi contraccettivi. Questo tipo di &#8220;periodo di prova&#8221; fa in modo che la donna abbia a disposizione qualche mese per abituarsi al nuovo metodo e possa evitare gravidanze indesiderate, durante il periodo che separa l&#8217;uso di diversi metodi contraccettivi. Dopo questo periodo, la donna pu\u00f2 scegliere di continuare con il preservativo femminile come suo principale metodo contraccettivo, ritornare al suo precedente metodo o usarne contemporaneamente diversi.<\/p>\n\n\n\n<p><strong>Chi pu\u00f2 usare il preservativo femminile?<\/strong><br>La gente che vuole proteggersi e proteggere il proprio partner, mostrando anche di essere responsabili. La gente che \u00e8 preoccupata da gravidanze indesiderate e dalle MTS, compresa l&#8217;AIDS. Le donne i cui partner non vogliono o non possono usare i preservativi in lattice maschili. Le donne che sono nel periodo delle mestruazioni. Le donne che hanno da poco partorito. Le donne che hanno avuto l&#8217;isterectomia. La gente che \u00e8 allergica o sensibile al lattice. La gente che \u00e8 allergica allo spermicida nonoxynol-9. La gente che \u00e8 HIV positivo o hanno partner HIV positivo.<\/p>\n","protected":false},"excerpt":{"rendered":"<p>Domande, problemi e argomenti sul preservatvo femminile \u00c8 difficile da usare?Il preservativo femminile non \u00e8 difficile da usare, ma potrebbe esserci bisogno di pratica per utilizzarlo. Consigli positivi e di sostegno per coloro che lo utilizzano da poco o per la prima volta sono molto utili per incoraggiare le donne a non abbandonare il preservativo &hellip; <\/p>\n<p class=\"link-more\"><a href=\"https:\/\/www.preservativofemminile.it\/?page_id=17\" class=\"more-link\">Leggi tutto<span class=\"screen-reader-text\"> &#8220;Faq&#8221;<\/span><\/a><\/p>\n","protected":false},"author":1,"featured_media":12,"parent":0,"menu_order":0,"comment_status":"closed","ping_status":"closed","template":"","meta":{"footnotes":""},"class_list":["post-17","page","type-page","status-publish","has-post-thumbnail","hentry","entry"],"_links":{"self":[{"href":"https:\/\/www.preservativofemminile.it\/index.php?rest_route=\/wp\/v2\/pages\/17","targetHints":{"allow":["GET"]}}],"collection":[{"href":"https:\/\/www.preservativofemminile.it\/index.php?rest_route=\/wp\/v2\/pages"}],"about":[{"href":"https:\/\/www.preservativofemminile.it\/index.php?rest_route=\/wp\/v2\/types\/page"}],"author":[{"embeddable":true,"href":"https:\/\/www.preservativofemminile.it\/index.php?rest_route=\/wp\/v2\/users\/1"}],"replies":[{"embeddable":true,"href":"https:\/\/www.preservativofemminile.it\/index.php?rest_route=%2Fwp%2Fv2%2Fcomments&post=17"}],"version-history":[{"count":1,"href":"https:\/\/www.preservativofemminile.it\/index.php?rest_route=\/wp\/v2\/pages\/17\/revisions"}],"predecessor-version":[{"id":18,"href":"https:\/\/www.preservativofemminile.it\/index.php?rest_route=\/wp\/v2\/pages\/17\/revisions\/18"}],"wp:featuredmedia":[{"embeddable":true,"href":"https:\/\/www.preservativofemminile.it\/index.php?rest_route=\/wp\/v2\/media\/12"}],"wp:attachment":[{"href":"https:\/\/www.preservativofemminile.it\/index.php?rest_route=%2Fwp%2Fv2%2Fmedia&parent=17"}],"curies":[{"name":"wp","href":"https:\/\/api.w.org\/{rel}","templated":true}]}}